{"id":7,"date":"2022-06-01T20:02:30","date_gmt":"2022-06-01T18:02:30","guid":{"rendered":"https:\/\/www.sit1999.it\/?page_id=7"},"modified":"2022-06-17T16:06:38","modified_gmt":"2022-06-17T14:06:38","slug":"chi-siamo","status":"publish","type":"page","link":"https:\/\/www.sit1999.it\/index.php\/chi-siamo\/","title":{"rendered":"Chi siamo"},"content":{"rendered":"\t\t<div data-elementor-type=\"wp-page\" data-elementor-id=\"7\" class=\"elementor elementor-7\">\n\t\t\t\t\t\t\t\t\t<section class=\"elementor-section elementor-top-section elementor-element elementor-element-14a0d867 elementor-section-boxed elementor-section-height-default elementor-section-height-default\" data-id=\"14a0d867\" data-element_type=\"section\">\n\t\t\t\t\t\t<div class=\"elementor-container elementor-column-gap-default\">\n\t\t\t\t\t<div class=\"elementor-column elementor-col-100 elementor-top-column elementor-element elementor-element-1a302d16\" data-id=\"1a302d16\" data-element_type=\"column\">\n\t\t\t<div class=\"elementor-widget-wrap elementor-element-populated\">\n\t\t\t\t\t\t\t\t<div class=\"elementor-element elementor-element-5ca430c1 elementor-widget elementor-widget-text-editor\" data-id=\"5ca430c1\" data-element_type=\"widget\" data-widget_type=\"text-editor.default\">\n\t\t\t\t<div class=\"elementor-widget-container\">\n\t\t\t<style>\/*! elementor - v3.6.5 - 27-04-2022 *\/\n.elementor-widget-text-editor.elementor-drop-cap-view-stacked .elementor-drop-cap{background-color:#818a91;color:#fff}.elementor-widget-text-editor.elementor-drop-cap-view-framed .elementor-drop-cap{color:#818a91;border:3px solid;background-color:transparent}.elementor-widget-text-editor:not(.elementor-drop-cap-view-default) .elementor-drop-cap{margin-top:8px}.elementor-widget-text-editor:not(.elementor-drop-cap-view-default) .elementor-drop-cap-letter{width:1em;height:1em}.elementor-widget-text-editor .elementor-drop-cap{float:left;text-align:center;line-height:1;font-size:50px}.elementor-widget-text-editor .elementor-drop-cap-letter{display:inline-block}<\/style>\t\t\t\t<!-- wp:paragraph -->\n<p>La S.I.T. Srl costituita nel 1999 avvia la sua attivit\u00e0 nei mesi immediatamente successivi. Si occupa inizialmente di trasporto merci in particolare prodotti per l&#8217; edilizia e cemento. E&#8217; stata legata al gruppo Colacem da un rapporto di collaborazione che dura quasi un ventennio. Da questa collaborazione, per far fronte ad alcune esigenze del suo principale committente, nasce la necessit\u00e0 di effettuare alcuni trasporti di rifiuti. Quindi ottenuta l &#8216;iscrizione alla sezione competente dell&#8217; albo nazionale gestori ambientali nella categoria 4 del suddetto albo inizia ad effettuare trasporto di rifiuti speciali non pericolosi. Successivamente ottiene anche l&#8217; iscrizione nelle categorie 1 e 5 ed \u00e8 di conseguenza abilitata anche al trasporto di rifiuti urbani e rifiuti speciali pericolosi. Il passo \u00e8 breve ed inizia quella che \u00e8 stata una vera e propria trasformazione dell&#8217; attivit\u00e0 d&#8217; impresa che resta il trasporto ma con prevalenza sempre maggiore di trasporto rifiuti. Conseguenza naturale \u00e8 l&#8217; acquisto di attrezzature specifiche per soddisfare le molteplici esigenze legate al trasporto di diverse tipologie di rifiuto. Da qui l&#8217;acquisto di pianali mobili per il trasporto di rifiuto sfuso ed in balle, vasche per il trasporti di rifiuto inerte e pulvirulento, centine per il trasporto di rifiuto confezionato. Si specializza sempre di pi\u00f9 adeguandosi alle specifiche in materia di trasporti soggetti alle normative ADR sia sotto il profilo tecnico che sotto il profilo umano. Le socie e componenti del CDA acquisiscono sempre maggiori competenze nel settore, sviluppando conoscenza e consapevolezza attraverso la partecipazione a corsi specifici on-line ed in presenza. Anche al personale viene data una formazione specifica con partecipazione a corsi di formazione interni ed esterni. Oggi la S.I.T. srl pu\u00f2 vantare oltre alla precisione e puntualit\u00e0 che l&#8217; ha sempre contraddistinta anche grande competenza in materia di rifiuti e principalmente nel trasporto degli stessi. Inoltre pu\u00f2 vantare collaborazioni e contratti con importanti operatori del settore: produttori, destinatari e trasportatori di rifiuti.<\/p>\n<!-- \/wp:paragraph -->\t\t\t\t\t\t<\/div>\n\t\t\t\t<\/div>\n\t\t\t\t\t<\/div>\n\t\t<\/div>\n\t\t\t\t\t\t\t<\/div>\n\t\t<\/section>\n\t\t\t\t\t\t\t<\/div>\n\t\t","protected":false},"excerpt":{"rendered":"<p>La S.I.T. Srl costituita nel 1999 avvia la sua attivit\u00e0 nei mesi immediatamente successivi. Si occupa inizialmente di trasporto merci in particolare prodotti per l&#8217; edilizia e cemento. E&#8217; stata legata al gruppo Colacem da un rapporto di collaborazione che dura quasi un ventennio. Da questa collaborazione, per far fronte ad alcune esigenze del suo [&hellip;]<\/p>\n","protected":false},"author":1,"featured_media":49,"parent":0,"menu_order":0,"comment_status":"closed","ping_status":"closed","template":"","meta":[],"_links":{"self":[{"href":"https:\/\/www.sit1999.it\/index.php\/wp-json\/wp\/v2\/pages\/7"}],"collection":[{"href":"https:\/\/www.sit1999.it\/index.php\/wp-json\/wp\/v2\/pages"}],"about":[{"href":"https:\/\/www.sit1999.it\/index.php\/wp-json\/wp\/v2\/types\/page"}],"author":[{"embeddable":true,"href":"https:\/\/www.sit1999.it\/index.php\/wp-json\/wp\/v2\/users\/1"}],"replies":[{"embeddable":true,"href":"https:\/\/www.sit1999.it\/index.php\/wp-json\/wp\/v2\/comments?post=7"}],"version-history":[{"count":5,"href":"https:\/\/www.sit1999.it\/index.php\/wp-json\/wp\/v2\/pages\/7\/revisions"}],"predecessor-version":[{"id":355,"href":"https:\/\/www.sit1999.it\/index.php\/wp-json\/wp\/v2\/pages\/7\/revisions\/355"}],"wp:featuredmedia":[{"embeddable":true,"href":"https:\/\/www.sit1999.it\/index.php\/wp-json\/wp\/v2\/media\/49"}],"wp:attachment":[{"href":"https:\/\/www.sit1999.it\/index.php\/wp-json\/wp\/v2\/media?parent=7"}],"curies":[{"name":"wp","href":"https:\/\/api.w.org\/{rel}","templated":true}]}}